{"id":741,"date":"2022-02-02T17:50:40","date_gmt":"2022-02-02T16:50:40","guid":{"rendered":"https:\/\/www.canaljazz.com\/?page_id=741"},"modified":"2023-02-20T11:54:45","modified_gmt":"2023-02-20T10:54:45","slug":"jazz-en-avril","status":"publish","type":"page","link":"https:\/\/www.canaljazz.com\/","title":{"rendered":"JAZZ EN AVRIL"},"content":{"rendered":"<p class=\"_04xlpA direction-ltr align-start para-style-body\"><span class=\"S1PPyQ\">Canal Jazz est une association qui promeut, soutient et diffuse le Jazz et les musiques improvis\u00e9es dans le roannais depuis 1988.<\/span><\/p>\n<p class=\"_04xlpA direction-ltr align-start para-style-body\"><span class=\"S1PPyQ\">Apre\u0300s plus de 35 ans de programmation au The\u0301a\u0302tre Municipal, sur une pe\u0301niche, au cha\u0302teau de la Roche et en divers lieux sur tout le territoire, l\u2019association lance aujourd\u2019hui la 2\u00e8me \u00e9dition de son festival \u00ab\u00a0Jazz en Avril\u00a0\u00bb au The\u0301a\u0302tre de Roanne et au Diapason.<\/span><\/p>\n<p class=\"_04xlpA direction-ltr align-start para-style-body\"><span class=\"S1PPyQ\">Avec ce festival Canal Jazz a \u00e0 c\u0153ur de proposer un temps fort autour du jazz avec une programmation internationale de qualit\u00e9, accessible au plus grand nombre lors d&rsquo;un moment convivial.<\/span><\/p>\n<p>&nbsp;<\/p>\n<p>Plus d&rsquo;informations : <a href=\"http:\/\/www.jazzenavril-roanne.com\">www.jazzenavril-roanne.com<\/a><\/p>\n","protected":false},"excerpt":{"rendered":"<p>Canal Jazz est une association qui promeut, soutient et diffuse le Jazz et les musiques improvis\u00e9es dans le roannais depuis 1988. Apre\u0300s plus de 35 ans de programmation au The\u0301a\u0302tre Municipal, sur une pe\u0301niche, au cha\u0302teau de la Roche et en divers lieux sur tout le territoire, l\u2019association lance aujourd\u2019hui la 2\u00e8me \u00e9dition de son festival \u00ab\u00a0Jazz en Avril\u00a0\u00bb au The\u0301a\u0302tre de Roanne et au Diapason. Avec ce festival Canal Jazz a \u00e0 c\u0153ur de proposer un temps fort autour&#8230;<\/p>\n<p class=\"read-more\"><a class=\"btn btn-default\" href=\"https:\/\/www.canaljazz.com\/\">Lire la suite<span class=\"screen-reader-text\"> Lire la suite<\/span><\/a><\/p>\n","protected":false},"author":1,"featured_media":0,"parent":739,"menu_order":0,"comment_status":"closed","ping_status":"closed","template":"","meta":[],"_links":{"self":[{"href":"https:\/\/www.canaljazz.com\/index.php?rest_route=\/wp\/v2\/pages\/741"}],"collection":[{"href":"https:\/\/www.canaljazz.com\/index.php?rest_route=\/wp\/v2\/pages"}],"about":[{"href":"https:\/\/www.canaljazz.com\/index.php?rest_route=\/wp\/v2\/types\/page"}],"author":[{"embeddable":true,"href":"https:\/\/www.canaljazz.com\/index.php?rest_route=\/wp\/v2\/users\/1"}],"replies":[{"embeddable":true,"href":"https:\/\/www.canaljazz.com\/index.php?rest_route=%2Fwp%2Fv2%2Fcomments&post=741"}],"version-history":[{"count":9,"href":"https:\/\/www.canaljazz.com\/index.php?rest_route=\/wp\/v2\/pages\/741\/revisions"}],"predecessor-version":[{"id":773,"href":"https:\/\/www.canaljazz.com\/index.php?rest_route=\/wp\/v2\/pages\/741\/revisions\/773"}],"up":[{"embeddable":true,"href":"https:\/\/www.canaljazz.com\/index.php?rest_route=\/wp\/v2\/pages\/739"}],"wp:attachment":[{"href":"https:\/\/www.canaljazz.com\/index.php?rest_route=%2Fwp%2Fv2%2Fmedia&parent=741"}],"curies":[{"name":"wp","href":"https:\/\/api.w.org\/{rel}","templated":true}]}}